{"id":1805,"date":"2023-06-21T12:40:39","date_gmt":"2023-06-21T12:40:39","guid":{"rendered":"https:\/\/www.smarten.ee\/etusivu\/"},"modified":"2023-10-14T08:40:43","modified_gmt":"2023-10-14T08:40:43","slug":"etusivu","status":"publish","type":"page","link":"https:\/\/www.smarten.ee\/fi\/","title":{"rendered":"Etusivu"},"content":{"rendered":"<h1>Smarten Logistics<\/h1>\n<h1>Viron suurin laologipalvelujen tarjoaja<\/h1>\n<p>\t\t\t<svg xmlns=\"http:\/\/www.w3.org\/2000\/svg\" width=\"34\" height=\"4\" viewBox=\"0 0 34 4\" fill=\"none\"><path d=\"M2 2H32\" stroke=\"#FF0000\" stroke-width=\"3\" stroke-linecap=\"round\"><\/path><\/svg>\t\t<\/p>\n<p>Teemme logistiikan ja varastohallinnan helpoksi, jotta asiakas voisi keskitty\u00e4 p\u00e4\u00e4toimintaansa<\/p>\n<h5>~800 000<\/h5>\n<h5>Koottua tilausta kuukaudessa<\/h5>\n<h5>62 000<\/h5>\n<h5>Varastotilaa<\/h5>\n<h5>~35 000<\/h5>\n<h5>Toimitusta kuukaudessa<\/h5>\n<h5>320+<\/h5>\n<h5>Ty\u00f6ntekij\u00e4\u00e4<\/h5>\n<h5>~60 000<\/h5>\n<h5>Saapuvaa tavaralavaa kuukaudessa<\/h5>\n<p>\t\t\t\t\t\t\t\t\t\t\t\t\t\tPrevious slide<br \/>\n\t\t\t\t\t\t\t\t\t\t\t\t\t\tNext slide<br \/>\n\t\t\t<svg xmlns=\"http:\/\/www.w3.org\/2000\/svg\" width=\"17\" height=\"195\" viewBox=\"0 0 17 195\" fill=\"none\"><path d=\"M12.996 1.064L12.996 8.26L11.484 8.26L11.484 2.814L8.866 2.814L8.866 7.854L7.438 7.854L7.438 2.814L4.512 2.814L4.512 8.358L3 8.358L3 1.064L12.996 1.064ZM12.996 11.7304L12.996 19.8224L11.484 19.8224L11.484 16.6444L3 16.6444L3 14.8944L11.484 14.8944L11.484 11.7304L12.996 11.7304ZM12.996 22.8292L12.996 30.9212L11.484 30.9212L11.484 27.7432L3 27.7432L3 25.9932L11.484 25.9932L11.484 22.8292L12.996 22.8292ZM12.996 34.88L12.996 42.076L11.484 42.076L11.484 36.63L8.866 36.63L8.866 41.67L7.438 41.67L7.438 36.63L4.512 36.63L4.512 42.174L3 42.174L3 34.88L12.996 34.88ZM12.996 45.3644L12.996 47.1844L5.086 49.6904L5.086 49.7184L12.996 52.2804L12.996 54.0584L3 50.6424L3 48.6964L12.996 45.3644ZM11.806 62.113C11.806 61.581 11.6987 61.119 11.484 60.727C11.2693 60.3443 10.98 60.0316 10.616 59.789C10.2613 59.5463 9.85533 59.3643 9.398 59.243C8.94066 59.131 8.474 59.075 7.998 59.075C7.522 59.075 7.05533 59.131 6.598 59.243C6.14066 59.3643 5.73 59.5463 5.366 59.789C5.01133 60.0316 4.72666 60.3443 4.512 60.727C4.29733 61.119 4.19 61.581 4.19 62.113C4.19 62.645 4.29733 63.1023 4.512 63.485C4.72666 63.877 5.01133 64.1943 5.366 64.437C5.73 64.6796 6.14066 64.857 6.598 64.969C7.05533 65.0903 7.522 65.151 7.998 65.151C8.474 65.151 8.94066 65.0903 9.398 64.969C9.85533 64.857 10.2613 64.6796 10.616 64.437C10.98 64.1943 11.2693 63.877 11.484 63.485C11.6987 63.1023 11.806 62.645 11.806 62.113ZM13.234 62.113C13.234 62.8596 13.094 63.527 12.814 64.115C12.534 64.7123 12.156 65.2163 11.68 65.627C11.204 66.0376 10.6487 66.3503 10.014 66.565C9.37933 66.789 8.70733 66.901 7.998 66.901C7.27933 66.901 6.60266 66.789 5.968 66.565C5.33333 66.3503 4.778 66.0376 4.302 65.627C3.826 65.2163 3.448 64.7123 3.168 64.115C2.89733 63.527 2.762 62.8596 2.762 62.113C2.762 61.3663 2.89733 60.6943 3.168 60.097C3.448 59.509 3.826 59.0096 4.302 58.599C4.778 58.1883 5.33333 57.871 5.968 57.647C6.60266 57.4323 7.27933 57.325 7.998 57.325C8.70733 57.325 9.37933 57.4323 10.014 57.647C10.6487 57.871 11.204 58.1883 11.68 58.599C12.156 59.0096 12.534 59.509 12.814 60.097C13.094 60.6943 13.234 61.3663 13.234 62.113ZM15.796 64.647C15.572 64.6096 15.362 64.5536 15.166 64.479C14.97 64.4136 14.802 64.3156 14.662 64.185C14.5127 64.0636 14.396 63.9143 14.312 63.737C14.228 63.5596 14.186 63.345 14.186 63.093C14.186 62.9343 14.2093 62.7663 14.256 62.589C14.312 62.4116 14.3773 62.2343 14.452 62.057C14.5453 61.8423 14.6107 61.6696 14.648 61.539C14.6853 61.4083 14.704 61.2636 14.704 61.105C14.704 60.937 14.6527 60.8016 14.55 60.699C14.4567 60.6056 14.3167 60.5403 14.13 60.503L14.13 59.705C14.3073 59.733 14.4893 59.7843 14.676 59.859C14.8627 59.9336 15.0307 60.0316 15.18 60.153C15.3387 60.2743 15.4647 60.419 15.558 60.587C15.6607 60.755 15.712 60.9463 15.712 61.161C15.712 61.3383 15.6933 61.497 15.656 61.637C15.628 61.7863 15.5533 62.0056 15.432 62.295C15.348 62.491 15.2827 62.6496 15.236 62.771C15.1987 62.9016 15.18 63.0323 15.18 63.163C15.18 63.3683 15.236 63.5223 15.348 63.625C15.46 63.737 15.6093 63.8163 15.796 63.863L15.796 64.647ZM12.996 70.3417L12.996 78.4337L11.484 78.4337L11.484 75.2557L3 75.2557L3 73.5057L11.484 73.5057L11.484 70.3417L12.996 70.3417ZM12.996 81.4405L12.996 89.5325L11.484 89.5325L11.484 86.3545L3 86.3545L3 84.6045L11.484 84.6045L11.484 81.4405L12.996 81.4405ZM12.996 93.4913L12.996 100.687L11.484 100.687L11.484 95.2413L8.866 95.2413L8.866 100.281L7.438 100.281L7.438 95.2413L4.512 95.2413L4.512 100.785L3 100.785L3 93.4913L12.996 93.4913ZM6.332 106.258C5.94933 106.258 5.62266 106.323 5.352 106.454C5.08133 106.584 4.85733 106.766 4.68 107C4.512 107.233 4.386 107.499 4.302 107.798C4.22733 108.106 4.19 108.437 4.19 108.792C4.19 109.174 4.232 109.501 4.316 109.772C4.40933 110.042 4.526 110.262 4.666 110.43C4.806 110.598 4.96466 110.719 5.142 110.794C5.32866 110.868 5.51533 110.906 5.702 110.906C6.08466 110.906 6.36466 110.817 6.542 110.64C6.72866 110.472 6.85933 110.285 6.934 110.08C7.06466 109.725 7.186 109.31 7.298 108.834C7.41933 108.367 7.57333 107.788 7.76 107.098C7.872 106.668 8.01666 106.309 8.194 106.02C8.38066 105.74 8.586 105.516 8.81 105.348C9.034 105.18 9.272 105.058 9.524 104.984C9.776 104.918 10.0327 104.886 10.294 104.886C10.798 104.886 11.232 104.988 11.596 105.194C11.9693 105.408 12.2773 105.688 12.52 106.034C12.7627 106.379 12.94 106.771 13.052 107.21C13.1733 107.648 13.234 108.092 13.234 108.54C13.234 109.062 13.164 109.552 13.024 110.01C12.8933 110.476 12.6927 110.882 12.422 111.228C12.1513 111.582 11.8153 111.862 11.414 112.068C11.022 112.273 10.5647 112.376 10.042 112.376L10.042 110.626C10.686 110.579 11.1387 110.36 11.4 109.968C11.6707 109.576 11.806 109.076 11.806 108.47C11.806 108.264 11.7827 108.054 11.736 107.84C11.6987 107.625 11.6287 107.429 11.526 107.252C11.4327 107.074 11.302 106.925 11.134 106.804C10.966 106.692 10.756 106.636 10.504 106.636C10.1493 106.636 9.86933 106.743 9.664 106.958C9.468 107.182 9.31866 107.471 9.216 107.826C9.20666 107.863 9.16466 108.008 9.09 108.26C9.02466 108.521 8.95 108.81 8.866 109.128C8.782 109.445 8.698 109.753 8.614 110.052C8.53933 110.36 8.48333 110.579 8.446 110.71C8.34333 111.036 8.20333 111.321 8.026 111.564C7.84866 111.806 7.64333 112.007 7.41 112.166C7.186 112.334 6.94333 112.455 6.682 112.53C6.42066 112.614 6.15933 112.656 5.898 112.656C5.338 112.656 4.85733 112.539 4.456 112.306C4.064 112.082 3.742 111.783 3.49 111.41C3.238 111.036 3.056 110.612 2.944 110.136C2.82266 109.66 2.762 109.174 2.762 108.68C2.762 108.11 2.832 107.574 2.972 107.07C3.112 106.566 3.32666 106.127 3.616 105.754C3.90533 105.38 4.274 105.082 4.722 104.858C5.17933 104.634 5.716 104.517 6.332 104.508L6.332 106.258ZM12.996 116.036L12.996 124.128L11.484 124.128L11.484 120.95L2.99999 120.95L2.99999 119.2L11.484 119.2L11.484 116.036L12.996 116.036Z\" fill=\"#FF2323\"><\/path><line x1=\"9\" y1=\"145\" x2=\"9\" y2=\"195\" stroke=\"#7D7B7C\"><\/line><\/svg>\t\t<\/p>\n<h1>SMARTEN<br \/>LOGISTICS<\/h1>\n<p>AS Smarten Logistics on virolaiseen p\u00e4\u00e4omaan perustuva <strong>suurin kolmannen osapuolen logistiikan eli 3PL-palveluntarjoaja Virossa<\/strong>. Sill\u00e4 on laaja asiakaspohja, joka k\u00e4sitt\u00e4\u00e4 niin valmistajia, maahantuojia kuin v\u00e4hitt\u00e4iskaupan yrityksi\u00e4kin.<\/p>\n<p>Yritys on tullut markkinoille runsaat <strong>kaksikymment\u00e4viisi vuotta<\/strong> sitten ja on ollut melkein koko historiansa ajan toimialansa markkinajohtaja. T\u00e4ll\u00e4 hetkell\u00e4 toimimme uusissa ja nykyaikaisissa varastotiloissa, joissa on tilaa runsaan <strong>60 000 neli\u00f6n verran.<\/strong> <\/p>\n<p>\t\t\t<a href=\"#\"><br \/>\n\t\t\t\t\t\tElintarvikkeet<br \/>\n\t\t\t\t\t<\/a><br \/>\n\t\t\t<a href=\"#\"><br \/>\n\t\t\t\t\t\tKulutustavarat<br \/>\n\t\t\t\t\t<\/a><br \/>\n\t\t\t<a href=\"#\"><br \/>\n\t\t\t\t\t\tVerkkokauppa<br \/>\n\t\t\t\t\t<\/a><br \/>\n\t\t\t<a href=\"#\"><br \/>\n\t\t\t\t\t\tL\u00e4\u00e4kkeet ja terveydenhoito<br \/>\n\t\t\t\t\t<\/a><br \/>\n\t\t\t<a href=\"#\"><br \/>\n\t\t\t\t\t\tLis\u00e4arvopalvelut<br \/>\n\t\t\t\t\t<\/a><\/p>\n<h4>62 000<\/h4>\n<h5>Varastotilaa<\/h5>\n<h2>Palvelut<\/h2>\n<h2>Palvelumme<\/h2>\n<p>\t<a href=\"https:\/\/www.smarten.ee\/fi\/palvelut\/tuotenvarastojen-ohjaaminen\/\"><br \/>\n\t\t\t<svg xmlns=\"http:\/\/www.w3.org\/2000\/svg\" width=\"51\" height=\"9\" viewBox=\"0 0 51 9\" fill=\"none\"><path d=\"M50.3536 4.85355C50.5488 4.65829 50.5488 4.34171 50.3536 4.14645L47.1716 0.964466C46.9763 0.769204 46.6597 0.769204 46.4645 0.964466C46.2692 1.15973 46.2692 1.47631 46.4645 1.67157L49.2929 4.5L46.4645 7.32843C46.2692 7.52369 46.2692 7.84027 46.4645 8.03553C46.6597 8.2308 46.9763 8.2308 47.1716 8.03553L50.3536 4.85355ZM0 5H50V4H0V5Z\" fill=\"#FF2323\"><\/path><\/svg>Kaikki palvelut<br \/>\n\t\t\t<svg xmlns=\"http:\/\/www.w3.org\/2000\/svg\" width=\"51\" height=\"9\" viewBox=\"0 0 51 9\" fill=\"none\"><path d=\"M50.3536 4.85355C50.5488 4.65829 50.5488 4.34171 50.3536 4.14645L47.1716 0.964466C46.9763 0.769204 46.6597 0.769204 46.4645 0.964466C46.2692 1.15973 46.2692 1.47631 46.4645 1.67157L49.2929 4.5L46.4645 7.32843C46.2692 7.52369 46.2692 7.84027 46.4645 8.03553C46.6597 8.2308 46.9763 8.2308 47.1716 8.03553L50.3536 4.85355ZM0 5H50V4H0V5Z\" fill=\"#FF2323\"><\/path><\/svg>Kaikki palvelut<br \/>\n\t<\/a><br \/>\n\t\t\t<a href=\"https:\/\/www.smarten.ee\/fi\/yhteystiedot\/\"><br \/>\n\t\t\t\t\t\tHintatiedustelu<br \/>\n\t\t\t\t\t<\/a><br \/>\n\t\t\t\tAsiakkaat <\/p>\n<figure><img decoding=\"async\" src=\"https:\/\/www.smarten.ee\/wp-content\/uploads\/2023\/06\/Circle_K_logo_2016-1.svg\" alt=\"Circle_K_logo_2016 1\" \/><\/figure>\n<figure><img decoding=\"async\" src=\"https:\/\/www.smarten.ee\/wp-content\/uploads\/2023\/06\/liviko_logo-1.svg\" alt=\"liviko_logo 1\" \/><\/figure>\n<figure><img decoding=\"async\" src=\"https:\/\/www.smarten.ee\/wp-content\/uploads\/2023\/06\/santa-maria-a-part-of-paulig-group-vector-logo-1.svg\" alt=\"santa-maria-a-part-of-paulig-group-vector-logo 1\" \/><\/figure>\n<figure><img decoding=\"async\" src=\"https:\/\/www.smarten.ee\/wp-content\/uploads\/2023\/06\/Kek_moto_suur-1-1.svg\" alt=\"Kek_moto_suur-1 1\" \/><\/figure>\n","protected":false},"excerpt":{"rendered":"<p>Smarten Logistics Viron suurin laologipalvelujen tarjoaja Teemme logistiikan ja varastohallinnan helpoksi, jotta asiakas voisi keskitty\u00e4 p\u00e4\u00e4toimintaansa ~800 000 Koottua tilausta<\/p>\n","protected":false},"author":8,"featured_media":1934,"parent":0,"menu_order":0,"comment_status":"closed","ping_status":"closed","template":"","meta":{"footnotes":""},"class_list":["post-1805","page","type-page","status-publish","has-post-thumbnail","hentry"],"yoast_head":"<!-- This site is optimized with the Yoast SEO plugin v27.1.1 - https:\/\/yoast.com\/product\/yoast-seo-wordpress\/ -->\n<title>Etusivu - Suurim Laologistika Teenusepakkuja Eestis<\/title>\n<meta name=\"description\" content=\"Viron suurin kolmannen osapuolen logistiikkapalvelujen (3PL) tarjoaja. Tarjoamme t\u00e4yden valikoiman palveluja varastonhallinnasta kuljetuksiin ja erilaisiin oheispalveluihin.\" \/>\n<meta name=\"robots\" content=\"index, follow, max-snippet:-1, max-image-preview:large, max-video-preview:-1\" \/>\n<link rel=\"canonical\" href=\"https:\/\/www.smarten.ee\/fi\/\" \/>\n<meta property=\"og:locale\" content=\"fi_FI\" \/>\n<meta property=\"og:type\" content=\"article\" \/>\n<meta property=\"og:title\" content=\"Etusivu - Suurim Laologistika Teenusepakkuja Eestis\" \/>\n<meta property=\"og:description\" content=\"Viron suurin kolmannen osapuolen logistiikkapalvelujen (3PL) tarjoaja. Tarjoamme t\u00e4yden valikoiman palveluja varastonhallinnasta kuljetuksiin ja erilaisiin oheispalveluihin.\" \/>\n<meta property=\"og:url\" content=\"https:\/\/www.smarten.ee\/fi\/\" \/>\n<meta property=\"og:site_name\" content=\"Smarten Logistics\" \/>\n<meta property=\"article:publisher\" content=\"https:\/\/www.facebook.com\/smartenlogisticsas\/\" \/>\n<meta property=\"article:modified_time\" content=\"2023-10-14T08:40:43+00:00\" \/>\n<meta property=\"og:image\" content=\"https:\/\/www.smarten.ee\/wp-content\/uploads\/2023\/06\/SL.jpg\" \/>\n\t<meta property=\"og:image:width\" content=\"1080\" \/>\n\t<meta property=\"og:image:height\" content=\"1080\" \/>\n\t<meta property=\"og:image:type\" content=\"image\/jpeg\" \/>\n<meta name=\"twitter:card\" content=\"summary_large_image\" \/>\n<meta name=\"twitter:label1\" content=\"Arvioitu lukuaika\" \/>\n\t<meta name=\"twitter:data1\" content=\"6 minuuttia\" \/>\n<script type=\"application\/ld+json\" class=\"yoast-schema-graph\">{\"@context\":\"https:\/\/schema.org\",\"@graph\":[{\"@type\":\"WebPage\",\"@id\":\"https:\/\/www.smarten.ee\/fi\/\",\"url\":\"https:\/\/www.smarten.ee\/fi\/\",\"name\":\"Etusivu - Suurim Laologistika Teenusepakkuja Eestis\",\"isPartOf\":{\"@id\":\"https:\/\/www.smarten.ee\/fi\/#website\"},\"primaryImageOfPage\":{\"@id\":\"https:\/\/www.smarten.ee\/fi\/#primaryimage\"},\"image\":{\"@id\":\"https:\/\/www.smarten.ee\/fi\/#primaryimage\"},\"thumbnailUrl\":\"https:\/\/www.smarten.ee\/wp-content\/uploads\/2023\/06\/SL.jpg\",\"datePublished\":\"2023-06-21T12:40:39+00:00\",\"dateModified\":\"2023-10-14T08:40:43+00:00\",\"description\":\"Viron suurin kolmannen osapuolen logistiikkapalvelujen (3PL) tarjoaja. Tarjoamme t\u00e4yden valikoiman palveluja varastonhallinnasta kuljetuksiin ja erilaisiin oheispalveluihin.\",\"breadcrumb\":{\"@id\":\"https:\/\/www.smarten.ee\/fi\/#breadcrumb\"},\"inLanguage\":\"fi\",\"potentialAction\":[{\"@type\":\"ReadAction\",\"target\":[\"https:\/\/www.smarten.ee\/fi\/\"]}]},{\"@type\":\"ImageObject\",\"inLanguage\":\"fi\",\"@id\":\"https:\/\/www.smarten.ee\/fi\/#primaryimage\",\"url\":\"https:\/\/www.smarten.ee\/wp-content\/uploads\/2023\/06\/SL.jpg\",\"contentUrl\":\"https:\/\/www.smarten.ee\/wp-content\/uploads\/2023\/06\/SL.jpg\",\"width\":1080,\"height\":1080},{\"@type\":\"BreadcrumbList\",\"@id\":\"https:\/\/www.smarten.ee\/fi\/#breadcrumb\",\"itemListElement\":[{\"@type\":\"ListItem\",\"position\":1,\"name\":\"Home\",\"item\":\"https:\/\/www.smarten.ee\/fi\/etusivu\/\"},{\"@type\":\"ListItem\",\"position\":2,\"name\":\"Etusivu\"}]},{\"@type\":\"WebSite\",\"@id\":\"https:\/\/www.smarten.ee\/fi\/#website\",\"url\":\"https:\/\/www.smarten.ee\/fi\/\",\"name\":\"smarten.ee\",\"description\":\"Suurim Laologistika Teenusepakkuja Eestis\",\"publisher\":{\"@id\":\"https:\/\/www.smarten.ee\/fi\/#organization\"},\"potentialAction\":[{\"@type\":\"SearchAction\",\"target\":{\"@type\":\"EntryPoint\",\"urlTemplate\":\"https:\/\/www.smarten.ee\/fi\/?s={search_term_string}\"},\"query-input\":{\"@type\":\"PropertyValueSpecification\",\"valueRequired\":true,\"valueName\":\"search_term_string\"}}],\"inLanguage\":\"fi\"},{\"@type\":\"Organization\",\"@id\":\"https:\/\/www.smarten.ee\/fi\/#organization\",\"name\":\"Smarten Logistics AS\",\"url\":\"https:\/\/www.smarten.ee\/fi\/\",\"logo\":{\"@type\":\"ImageObject\",\"inLanguage\":\"fi\",\"@id\":\"https:\/\/www.smarten.ee\/fi\/#\/schema\/logo\/image\/\",\"url\":\"https:\/\/www.smarten.ee\/wp-content\/uploads\/2023\/06\/SL.jpg\",\"contentUrl\":\"https:\/\/www.smarten.ee\/wp-content\/uploads\/2023\/06\/SL.jpg\",\"width\":1080,\"height\":1080,\"caption\":\"Smarten Logistics AS\"},\"image\":{\"@id\":\"https:\/\/www.smarten.ee\/fi\/#\/schema\/logo\/image\/\"},\"sameAs\":[\"https:\/\/www.facebook.com\/smartenlogisticsas\/\",\"https:\/\/www.linkedin.com\/company\/smartenlogistics\/\",\"https:\/\/www.instagram.com\/smartenlogistics\/\"]}]}<\/script>\n<!-- \/ Yoast SEO plugin. -->","yoast_head_json":{"title":"Etusivu - Suurim Laologistika Teenusepakkuja Eestis","description":"Viron suurin kolmannen osapuolen logistiikkapalvelujen (3PL) tarjoaja. Tarjoamme t\u00e4yden valikoiman palveluja varastonhallinnasta kuljetuksiin ja erilaisiin oheispalveluihin.","robots":{"index":"index","follow":"follow","max-snippet":"max-snippet:-1","max-image-preview":"max-image-preview:large","max-video-preview":"max-video-preview:-1"},"canonical":"https:\/\/www.smarten.ee\/fi\/","og_locale":"fi_FI","og_type":"article","og_title":"Etusivu - Suurim Laologistika Teenusepakkuja Eestis","og_description":"Viron suurin kolmannen osapuolen logistiikkapalvelujen (3PL) tarjoaja. Tarjoamme t\u00e4yden valikoiman palveluja varastonhallinnasta kuljetuksiin ja erilaisiin oheispalveluihin.","og_url":"https:\/\/www.smarten.ee\/fi\/","og_site_name":"Smarten Logistics","article_publisher":"https:\/\/www.facebook.com\/smartenlogisticsas\/","article_modified_time":"2023-10-14T08:40:43+00:00","og_image":[{"width":1080,"height":1080,"url":"https:\/\/www.smarten.ee\/wp-content\/uploads\/2023\/06\/SL.jpg","type":"image\/jpeg"}],"twitter_card":"summary_large_image","twitter_misc":{"Arvioitu lukuaika":"6 minuuttia"},"schema":{"@context":"https:\/\/schema.org","@graph":[{"@type":"WebPage","@id":"https:\/\/www.smarten.ee\/fi\/","url":"https:\/\/www.smarten.ee\/fi\/","name":"Etusivu - Suurim Laologistika Teenusepakkuja Eestis","isPartOf":{"@id":"https:\/\/www.smarten.ee\/fi\/#website"},"primaryImageOfPage":{"@id":"https:\/\/www.smarten.ee\/fi\/#primaryimage"},"image":{"@id":"https:\/\/www.smarten.ee\/fi\/#primaryimage"},"thumbnailUrl":"https:\/\/www.smarten.ee\/wp-content\/uploads\/2023\/06\/SL.jpg","datePublished":"2023-06-21T12:40:39+00:00","dateModified":"2023-10-14T08:40:43+00:00","description":"Viron suurin kolmannen osapuolen logistiikkapalvelujen (3PL) tarjoaja. Tarjoamme t\u00e4yden valikoiman palveluja varastonhallinnasta kuljetuksiin ja erilaisiin oheispalveluihin.","breadcrumb":{"@id":"https:\/\/www.smarten.ee\/fi\/#breadcrumb"},"inLanguage":"fi","potentialAction":[{"@type":"ReadAction","target":["https:\/\/www.smarten.ee\/fi\/"]}]},{"@type":"ImageObject","inLanguage":"fi","@id":"https:\/\/www.smarten.ee\/fi\/#primaryimage","url":"https:\/\/www.smarten.ee\/wp-content\/uploads\/2023\/06\/SL.jpg","contentUrl":"https:\/\/www.smarten.ee\/wp-content\/uploads\/2023\/06\/SL.jpg","width":1080,"height":1080},{"@type":"BreadcrumbList","@id":"https:\/\/www.smarten.ee\/fi\/#breadcrumb","itemListElement":[{"@type":"ListItem","position":1,"name":"Home","item":"https:\/\/www.smarten.ee\/fi\/etusivu\/"},{"@type":"ListItem","position":2,"name":"Etusivu"}]},{"@type":"WebSite","@id":"https:\/\/www.smarten.ee\/fi\/#website","url":"https:\/\/www.smarten.ee\/fi\/","name":"smarten.ee","description":"Suurim Laologistika Teenusepakkuja Eestis","publisher":{"@id":"https:\/\/www.smarten.ee\/fi\/#organization"},"potentialAction":[{"@type":"SearchAction","target":{"@type":"EntryPoint","urlTemplate":"https:\/\/www.smarten.ee\/fi\/?s={search_term_string}"},"query-input":{"@type":"PropertyValueSpecification","valueRequired":true,"valueName":"search_term_string"}}],"inLanguage":"fi"},{"@type":"Organization","@id":"https:\/\/www.smarten.ee\/fi\/#organization","name":"Smarten Logistics AS","url":"https:\/\/www.smarten.ee\/fi\/","logo":{"@type":"ImageObject","inLanguage":"fi","@id":"https:\/\/www.smarten.ee\/fi\/#\/schema\/logo\/image\/","url":"https:\/\/www.smarten.ee\/wp-content\/uploads\/2023\/06\/SL.jpg","contentUrl":"https:\/\/www.smarten.ee\/wp-content\/uploads\/2023\/06\/SL.jpg","width":1080,"height":1080,"caption":"Smarten Logistics AS"},"image":{"@id":"https:\/\/www.smarten.ee\/fi\/#\/schema\/logo\/image\/"},"sameAs":["https:\/\/www.facebook.com\/smartenlogisticsas\/","https:\/\/www.linkedin.com\/company\/smartenlogistics\/","https:\/\/www.instagram.com\/smartenlogistics\/"]}]}},"_links":{"self":[{"href":"https:\/\/www.smarten.ee\/fi\/wp-json\/wp\/v2\/pages\/1805","targetHints":{"allow":["GET"]}}],"collection":[{"href":"https:\/\/www.smarten.ee\/fi\/wp-json\/wp\/v2\/pages"}],"about":[{"href":"https:\/\/www.smarten.ee\/fi\/wp-json\/wp\/v2\/types\/page"}],"author":[{"embeddable":true,"href":"https:\/\/www.smarten.ee\/fi\/wp-json\/wp\/v2\/users\/8"}],"replies":[{"embeddable":true,"href":"https:\/\/www.smarten.ee\/fi\/wp-json\/wp\/v2\/comments?post=1805"}],"version-history":[{"count":4,"href":"https:\/\/www.smarten.ee\/fi\/wp-json\/wp\/v2\/pages\/1805\/revisions"}],"predecessor-version":[{"id":2568,"href":"https:\/\/www.smarten.ee\/fi\/wp-json\/wp\/v2\/pages\/1805\/revisions\/2568"}],"wp:featuredmedia":[{"embeddable":true,"href":"https:\/\/www.smarten.ee\/fi\/wp-json\/wp\/v2\/media\/1934"}],"wp:attachment":[{"href":"https:\/\/www.smarten.ee\/fi\/wp-json\/wp\/v2\/media?parent=1805"}],"curies":[{"name":"wp","href":"https:\/\/api.w.org\/{rel}","templated":true}]}}